{"id":67,"date":"2025-11-18T14:49:45","date_gmt":"2025-11-18T17:49:45","guid":{"rendered":"https:\/\/sites.ieadenc.org.br\/suporte\/?page_id=67"},"modified":"2025-11-18T14:52:34","modified_gmt":"2025-11-18T17:52:34","slug":"autorizacoes-do-uso-de-dados-pessoais","status":"publish","type":"page","link":"https:\/\/sites.ieadenc.org.br\/suporte\/sistemas\/sistema-siorg-siappad\/autorizacoes-do-uso-de-dados-pessoais\/","title":{"rendered":"Autoriza\u00e7\u00f5es do uso de dados pessoais"},"content":{"rendered":"\n<p class=\"is-style-info\">Publicado em 18\/11\/2025 | Atualizado em 18\/11\/2025<\/p>\n\n\n\n<p class=\"is-style-info\"><strong>Mantemos apenas os dados b\u00e1sicos dos usu\u00e1rios, como:<\/strong> Nome, ID de usu\u00e1rio, data e hora da vincula\u00e7\u00e3o ao sistema.<\/p>\n\n\n\n<blockquote class=\"wp-block-quote is-layout-flow wp-block-quote-is-layout-flow\">\n<p>Lembrando que:<\/p>\n<\/blockquote>\n\n\n\n<ul class=\"wp-block-list\">\n<li>Somente o dirigente da congrega\u00e7\u00e3o pode autorizar ou revogar acessos de usu\u00e1rios.<\/li>\n\n\n\n<li>O usu\u00e1rio ser\u00e1 revogado automaticamente quando o mesmo n\u00e3o fizer mais uso de suas atribui\u00e7\u00f5es no sistema.<\/li>\n<\/ul>\n\n\n\n<p class=\"is-style-info\">As autoriza\u00e7\u00f5es somente ser\u00e3o efetivadas ap\u00f3s a confirma\u00e7\u00e3o do dirigente e das assinaturas dos Termos de Uso do sistema e\/ou ambientes.<\/p>\n","protected":false},"excerpt":{"rendered":"<p>Publicado em 18\/11\/2025 | Atualizado em 18\/11\/2025 Mantemos apenas os dados b\u00e1sicos dos usu\u00e1rios, como: [&hellip;]<\/p>\n","protected":false},"author":1,"featured_media":0,"parent":55,"menu_order":0,"comment_status":"closed","ping_status":"closed","template":"template-classic-12-cols-left.php","meta":{"_coblocks_attr":"","_coblocks_dimensions":"","_coblocks_responsive_height":"","_coblocks_accordion_ie_support":"","footnotes":""},"class_list":["post-67","page","type-page","status-publish","hentry"],"_links":{"self":[{"href":"https:\/\/sites.ieadenc.org.br\/suporte\/wp-json\/wp\/v2\/pages\/67","targetHints":{"allow":["GET"]}}],"collection":[{"href":"https:\/\/sites.ieadenc.org.br\/suporte\/wp-json\/wp\/v2\/pages"}],"about":[{"href":"https:\/\/sites.ieadenc.org.br\/suporte\/wp-json\/wp\/v2\/types\/page"}],"author":[{"embeddable":true,"href":"https:\/\/sites.ieadenc.org.br\/suporte\/wp-json\/wp\/v2\/users\/1"}],"replies":[{"embeddable":true,"href":"https:\/\/sites.ieadenc.org.br\/suporte\/wp-json\/wp\/v2\/comments?post=67"}],"version-history":[{"count":3,"href":"https:\/\/sites.ieadenc.org.br\/suporte\/wp-json\/wp\/v2\/pages\/67\/revisions"}],"predecessor-version":[{"id":71,"href":"https:\/\/sites.ieadenc.org.br\/suporte\/wp-json\/wp\/v2\/pages\/67\/revisions\/71"}],"up":[{"embeddable":true,"href":"https:\/\/sites.ieadenc.org.br\/suporte\/wp-json\/wp\/v2\/pages\/55"}],"wp:attachment":[{"href":"https:\/\/sites.ieadenc.org.br\/suporte\/wp-json\/wp\/v2\/media?parent=67"}],"curies":[{"name":"wp","href":"https:\/\/api.w.org\/{rel}","templated":true}]}}