{"id":2,"date":"2025-11-14T12:05:03","date_gmt":"2025-11-14T15:05:03","guid":{"rendered":"https:\/\/sites.ieadenc.org.br\/servicos\/?page_id=2"},"modified":"2025-11-26T16:04:59","modified_gmt":"2025-11-26T19:04:59","slug":"home","status":"publish","type":"page","link":"https:\/\/sites.ieadenc.org.br\/servicos\/","title":{"rendered":"Seja bem-vindo(a) ao Portal de Servi\u00e7os da IEADENC!"},"content":{"rendered":"\n<p class=\"is-style-info\">Com o Portal de Servi\u00e7os da IEADENC, voc\u00ea pode acessar todos os servi\u00e7os administrativos oferecidos pela igreja de um jeito mais simples, r\u00e1pido e intuitivo.<\/p>\n\n\n\n<h2 class=\"wp-block-heading\"><strong>O que voc\u00ea procura hoje?<\/strong><\/h2>\n\n\n<form role=\"search\" method=\"get\" action=\"https:\/\/sites.ieadenc.org.br\/servicos\/\" class=\"wp-block-search__button-inside wp-block-search__text-button wp-block-search\"    ><label class=\"wp-block-search__label screen-reader-text\" for=\"wp-block-search__input-1\" >Pesquisar<\/label><div class=\"wp-block-search__inside-wrapper \" ><input class=\"wp-block-search__input\" id=\"wp-block-search__input-1\" placeholder=\"Pesquisar servi\u00e7o\" value=\"\" type=\"search\" name=\"s\" required \/><button aria-label=\"Pesquisar\" class=\"wp-block-search__button wp-element-button\" type=\"submit\" >Pesquisar<\/button><\/div><\/form>\n\n\n<hr class=\"wp-block-separator has-alpha-channel-opacity\"\/>\n\n\n\n<p class=\"has-text-align-center is-style-info\"><strong>SERVI\u00c7OS EM DESTAQUE<\/strong><\/p>\n\n\n\n<div class=\"wp-block-columns is-layout-flex wp-container-core-columns-is-layout-9d6595d7 wp-block-columns-is-layout-flex\">\n<div class=\"wp-block-column is-layout-flow wp-block-column-is-layout-flow\">\n<p class=\"has-text-align-center is-style-info\"><strong><a href=\"https:\/\/sites.ieadenc.org.br\/servicos\/sistemas\/e-agendas\/\">e-Agendas<\/a><\/strong><\/p>\n<\/div>\n\n\n\n<div class=\"wp-block-column is-layout-flow wp-block-column-is-layout-flow\">\n<p class=\"has-text-align-center is-style-info\"><strong><a href=\"https:\/\/sites.ieadenc.org.br\/servicos\/sistemas\/sistema-validar\/\">Sistema VALIDAR<\/a><\/strong><\/p>\n<\/div>\n\n\n\n<div class=\"wp-block-column is-layout-flow wp-block-column-is-layout-flow\">\n<p class=\"has-text-align-center is-style-info\"><\/p>\n<\/div>\n<\/div>\n\n\n\n<p><\/p>\n","protected":false},"excerpt":{"rendered":"<p>Com o Portal de Servi\u00e7os da IEADENC, voc\u00ea pode acessar todos os servi\u00e7os administrativos oferecidos [&hellip;]<\/p>\n","protected":false},"author":1,"featured_media":0,"parent":0,"menu_order":0,"comment_status":"closed","ping_status":"closed","template":"template-classic-12-cols-left.php","meta":{"_coblocks_attr":"","_coblocks_dimensions":"","_coblocks_responsive_height":"","_coblocks_accordion_ie_support":"","footnotes":""},"class_list":["post-2","page","type-page","status-publish","hentry"],"_links":{"self":[{"href":"https:\/\/sites.ieadenc.org.br\/servicos\/wp-json\/wp\/v2\/pages\/2","targetHints":{"allow":["GET"]}}],"collection":[{"href":"https:\/\/sites.ieadenc.org.br\/servicos\/wp-json\/wp\/v2\/pages"}],"about":[{"href":"https:\/\/sites.ieadenc.org.br\/servicos\/wp-json\/wp\/v2\/types\/page"}],"author":[{"embeddable":true,"href":"https:\/\/sites.ieadenc.org.br\/servicos\/wp-json\/wp\/v2\/users\/1"}],"replies":[{"embeddable":true,"href":"https:\/\/sites.ieadenc.org.br\/servicos\/wp-json\/wp\/v2\/comments?post=2"}],"version-history":[{"count":6,"href":"https:\/\/sites.ieadenc.org.br\/servicos\/wp-json\/wp\/v2\/pages\/2\/revisions"}],"predecessor-version":[{"id":74,"href":"https:\/\/sites.ieadenc.org.br\/servicos\/wp-json\/wp\/v2\/pages\/2\/revisions\/74"}],"wp:attachment":[{"href":"https:\/\/sites.ieadenc.org.br\/servicos\/wp-json\/wp\/v2\/media?parent=2"}],"curies":[{"name":"wp","href":"https:\/\/api.w.org\/{rel}","templated":true}]}}