{"id":2,"date":"2025-11-14T12:08:20","date_gmt":"2025-11-14T15:08:20","guid":{"rendered":"https:\/\/sites.ieadenc.org.br\/departamentos\/?page_id=2"},"modified":"2025-11-14T15:25:16","modified_gmt":"2025-11-14T18:25:16","slug":"pagina-exemplo","status":"publish","type":"page","link":"https:\/\/sites.ieadenc.org.br\/departamentos\/","title":{"rendered":"Departamentos"},"content":{"rendered":"\n<p class=\"is-style-info\">Os departamentos gerais contemplam todo o Minist\u00e9rio da Igreja Evang\u00e9lica Assembleia de Deus Minist\u00e9rio Nova Cidade<\/p>\n","protected":false},"excerpt":{"rendered":"<p>Os departamentos gerais contemplam todo o Minist\u00e9rio da Igreja Evang\u00e9lica Assembleia de Deus Minist\u00e9rio Nova [&hellip;]<\/p>\n","protected":false},"author":1,"featured_media":0,"parent":0,"menu_order":0,"comment_status":"closed","ping_status":"open","template":"template-classic-12-cols-left.php","meta":{"_coblocks_attr":"","_coblocks_dimensions":"","_coblocks_responsive_height":"","_coblocks_accordion_ie_support":"","footnotes":""},"class_list":["post-2","page","type-page","status-publish","hentry"],"_links":{"self":[{"href":"https:\/\/sites.ieadenc.org.br\/departamentos\/wp-json\/wp\/v2\/pages\/2","targetHints":{"allow":["GET"]}}],"collection":[{"href":"https:\/\/sites.ieadenc.org.br\/departamentos\/wp-json\/wp\/v2\/pages"}],"about":[{"href":"https:\/\/sites.ieadenc.org.br\/departamentos\/wp-json\/wp\/v2\/types\/page"}],"author":[{"embeddable":true,"href":"https:\/\/sites.ieadenc.org.br\/departamentos\/wp-json\/wp\/v2\/users\/1"}],"replies":[{"embeddable":true,"href":"https:\/\/sites.ieadenc.org.br\/departamentos\/wp-json\/wp\/v2\/comments?post=2"}],"version-history":[{"count":2,"href":"https:\/\/sites.ieadenc.org.br\/departamentos\/wp-json\/wp\/v2\/pages\/2\/revisions"}],"predecessor-version":[{"id":5,"href":"https:\/\/sites.ieadenc.org.br\/departamentos\/wp-json\/wp\/v2\/pages\/2\/revisions\/5"}],"wp:attachment":[{"href":"https:\/\/sites.ieadenc.org.br\/departamentos\/wp-json\/wp\/v2\/media?parent=2"}],"curies":[{"name":"wp","href":"https:\/\/api.w.org\/{rel}","templated":true}]}}